{"id":731,"date":"2026-02-06T10:00:18","date_gmt":"2026-02-06T09:00:18","guid":{"rendered":"https:\/\/cabulleauvillage.com\/?page_id=731"},"modified":"2026-02-06T10:03:15","modified_gmt":"2026-02-06T09:03:15","slug":"lolo-bret","status":"publish","type":"page","link":"https:\/\/cabulleauvillage.com\/index.php\/lolo-bret\/","title":{"rendered":"Lolo BRET"},"content":{"rendered":"\n<h2 class=\"wp-block-heading\">Lolo Bret<\/h2>\n\n\n\n<figure class=\"wp-block-image size-large\"><img fetchpriority=\"high\" decoding=\"async\" width=\"1024\" height=\"683\" src=\"https:\/\/cabulleauvillage.com\/wp-content\/uploads\/2026\/01\/CBV2025-35-1024x683.jpg\" alt=\"\" class=\"wp-image-449\" srcset=\"https:\/\/cabulleauvillage.com\/wp-content\/uploads\/2026\/01\/CBV2025-35-1024x683.jpg 1024w, https:\/\/cabulleauvillage.com\/wp-content\/uploads\/2026\/01\/CBV2025-35-300x200.jpg 300w, https:\/\/cabulleauvillage.com\/wp-content\/uploads\/2026\/01\/CBV2025-35-768x512.jpg 768w, https:\/\/cabulleauvillage.com\/wp-content\/uploads\/2026\/01\/CBV2025-35-1536x1024.jpg 1536w, https:\/\/cabulleauvillage.com\/wp-content\/uploads\/2026\/01\/CBV2025-35-2048x1366.jpg 2048w, https:\/\/cabulleauvillage.com\/wp-content\/uploads\/2026\/01\/CBV2025-35-600x400.jpg 600w\" sizes=\"(max-width: 1024px) 100vw, 1024px\" \/><figcaption class=\"wp-element-caption\">Lolo BRET<\/figcaption><\/figure>\n\n\n\n<h3 class=\"wp-block-heading\">Public : tout public \u2013 bande dessin\u00e9e et illustration<\/h3>\n\n\n\n<p><strong>Lolo Bret<\/strong> \u0153uvre dans le monde de la bande dessin\u00e9e depuis plus de <strong>40 ans<\/strong>. Rep\u00e9r\u00e9 tr\u00e8s jeune par de grandes figures de la BD franco-belge, il d\u00e9veloppe un univers riche et p\u00e9dagogique, m\u00ealant cr\u00e9ation artistique et transmission. Auteur, illustrateur et enseignant agr\u00e9\u00e9 par l\u2019\u00c9ducation nationale, il partage sa passion de la BD aupr\u00e8s de publics tr\u00e8s vari\u00e9s.<\/p>\n\n\n\n<p>Parmi ses ouvrages marquants figurent <strong><em>Compostelle au jour le jour<\/em><\/strong>, r\u00e9cit autobiographique, ainsi que de nombreux <strong>albums jeunesse<\/strong> illustr\u00e9s pour diff\u00e9rents auteurs et le livre illustr\u00e9 <strong><em>Ces News qui nous font sourire<\/em><\/strong>.<\/p>\n\n\n\n<p><strong>Lolo Bret \u00e9tait pr\u00e9sent lors de l\u2019\u00e9dition 2025 du festival \u00c7a bulle au village<\/strong>, \u00e0 la rencontre des lecteurs de tous \u00e2ges.<\/p>\n\n\n\n<figure class=\"wp-block-gallery has-nested-images columns-default is-cropped wp-block-gallery-1 is-layout-flex wp-block-gallery-is-layout-flex\">\n<figure class=\"wp-block-image size-large\"><img decoding=\"async\" width=\"1024\" height=\"683\" data-id=\"490\" src=\"https:\/\/cabulleauvillage.com\/wp-content\/uploads\/2026\/01\/CBV2025-92-1024x683.jpg\" alt=\"\" class=\"wp-image-490\" srcset=\"https:\/\/cabulleauvillage.com\/wp-content\/uploads\/2026\/01\/CBV2025-92-1024x683.jpg 1024w, https:\/\/cabulleauvillage.com\/wp-content\/uploads\/2026\/01\/CBV2025-92-300x200.jpg 300w, https:\/\/cabulleauvillage.com\/wp-content\/uploads\/2026\/01\/CBV2025-92-768x512.jpg 768w, https:\/\/cabulleauvillage.com\/wp-content\/uploads\/2026\/01\/CBV2025-92-1536x1024.jpg 1536w, https:\/\/cabulleauvillage.com\/wp-content\/uploads\/2026\/01\/CBV2025-92-2048x1366.jpg 2048w, https:\/\/cabulleauvillage.com\/wp-content\/uploads\/2026\/01\/CBV2025-92-600x400.jpg 600w\" sizes=\"(max-width: 1024px) 100vw, 1024px\" \/><\/figure>\n<\/figure>\n","protected":false},"excerpt":{"rendered":"<p>Lolo Bret Public : tout public \u2013 bande dessin\u00e9e et illustration Lolo Bret \u0153uvre dans le monde de la bande dessin\u00e9e depuis plus de 40 ans. Rep\u00e9r\u00e9 tr\u00e8s jeune par [&hellip;]<\/p>\n","protected":false},"author":1,"featured_media":0,"parent":0,"menu_order":0,"comment_status":"closed","ping_status":"closed","template":"","meta":{"site-sidebar-layout":"default","site-content-layout":"","ast-site-content-layout":"default","site-content-style":"default","site-sidebar-style":"default","ast-global-header-display":"","ast-banner-title-visibility":"","ast-main-header-display":"","ast-hfb-above-header-display":"","ast-hfb-below-header-display":"","ast-hfb-mobile-header-display":"","site-post-title":"","ast-breadcrumbs-content":"","ast-featured-img":"","footer-sml-layout":"","ast-disable-related-posts":"","theme-transparent-header-meta":"","adv-header-id-meta":"","stick-header-meta":"","header-above-stick-meta":"","header-main-stick-meta":"","header-below-stick-meta":"","astra-migrate-meta-layouts":"default","ast-page-background-enabled":"default","ast-page-background-meta":{"desktop":{"background-color":"var(--ast-global-color-5)","background-image":"","background-repeat":"repeat","background-position":"center center","background-size":"auto","background-attachment":"scroll","background-type":"","background-media":"","overlay-type":"","overlay-color":"","overlay-opacity":"","overlay-gradient":""},"tablet":{"background-color":"","background-image":"","background-repeat":"repeat","background-position":"center center","background-size":"auto","background-attachment":"scroll","background-type":"","background-media":"","overlay-type":"","overlay-color":"","overlay-opacity":"","overlay-gradient":""},"mobile":{"background-color":"","background-image":"","background-repeat":"repeat","background-position":"center center","background-size":"auto","background-attachment":"scroll","background-type":"","background-media":"","overlay-type":"","overlay-color":"","overlay-opacity":"","overlay-gradient":""}},"ast-content-background-meta":{"desktop":{"background-color":"var(--ast-global-color-4)","background-image":"","background-repeat":"repeat","background-position":"center center","background-size":"auto","background-attachment":"scroll","background-type":"","background-media":"","overlay-type":"","overlay-color":"","overlay-opacity":"","overlay-gradient":""},"tablet":{"background-color":"var(--ast-global-color-4)","background-image":"","background-repeat":"repeat","background-position":"center center","background-size":"auto","background-attachment":"scroll","background-type":"","background-media":"","overlay-type":"","overlay-color":"","overlay-opacity":"","overlay-gradient":""},"mobile":{"background-color":"var(--ast-global-color-4)","background-image":"","background-repeat":"repeat","background-position":"center center","background-size":"auto","background-attachment":"scroll","background-type":"","background-media":"","overlay-type":"","overlay-color":"","overlay-opacity":"","overlay-gradient":""}},"footnotes":""},"class_list":["post-731","page","type-page","status-publish","hentry"],"yoast_head":"<!-- This site is optimized with the Yoast SEO plugin v26.8 - https:\/\/yoast.com\/product\/yoast-seo-wordpress\/ -->\n<title>Lolo BRET - CA BULLE AU VILLAGE<\/title>\n<meta name=\"robots\" content=\"index, follow, max-snippet:-1, max-image-preview:large, max-video-preview:-1\" \/>\n<link rel=\"canonical\" href=\"https:\/\/cabulleauvillage.com\/index.php\/lolo-bret\/\" \/>\n<meta property=\"og:locale\" content=\"fr_FR\" \/>\n<meta property=\"og:type\" content=\"article\" \/>\n<meta property=\"og:title\" content=\"Lolo BRET - CA BULLE AU VILLAGE\" \/>\n<meta property=\"og:description\" content=\"Lolo Bret Public : tout public \u2013 bande dessin\u00e9e et illustration Lolo Bret \u0153uvre dans le monde de la bande dessin\u00e9e depuis plus de 40 ans. Rep\u00e9r\u00e9 tr\u00e8s jeune par [&hellip;]\" \/>\n<meta property=\"og:url\" content=\"https:\/\/cabulleauvillage.com\/index.php\/lolo-bret\/\" \/>\n<meta property=\"og:site_name\" content=\"CA BULLE AU VILLAGE\" \/>\n<meta property=\"article:publisher\" content=\"https:\/\/www.facebook.com\/bulleauvillage\/\" \/>\n<meta property=\"article:modified_time\" content=\"2026-02-06T09:03:15+00:00\" \/>\n<meta property=\"og:image\" content=\"https:\/\/cabulleauvillage.com\/wp-content\/uploads\/2026\/01\/CBV2025-35-scaled.jpg\" \/>\n\t<meta property=\"og:image:width\" content=\"2560\" \/>\n\t<meta property=\"og:image:height\" content=\"1707\" \/>\n\t<meta property=\"og:image:type\" content=\"image\/jpeg\" \/>\n<meta name=\"twitter:card\" content=\"summary_large_image\" \/>\n<meta name=\"twitter:label1\" content=\"Dur\u00e9e de lecture estim\u00e9e\" \/>\n\t<meta name=\"twitter:data1\" content=\"2 minutes\" \/>\n<script type=\"application\/ld+json\" class=\"yoast-schema-graph\">{\"@context\":\"https:\/\/schema.org\",\"@graph\":[{\"@type\":\"WebPage\",\"@id\":\"https:\/\/cabulleauvillage.com\/index.php\/lolo-bret\/\",\"url\":\"https:\/\/cabulleauvillage.com\/index.php\/lolo-bret\/\",\"name\":\"Lolo BRET - CA BULLE AU VILLAGE\",\"isPartOf\":{\"@id\":\"https:\/\/cabulleauvillage.com\/#website\"},\"primaryImageOfPage\":{\"@id\":\"https:\/\/cabulleauvillage.com\/index.php\/lolo-bret\/#primaryimage\"},\"image\":{\"@id\":\"https:\/\/cabulleauvillage.com\/index.php\/lolo-bret\/#primaryimage\"},\"thumbnailUrl\":\"https:\/\/cabulleauvillage.com\/wp-content\/uploads\/2026\/01\/CBV2025-35-1024x683.jpg\",\"datePublished\":\"2026-02-06T09:00:18+00:00\",\"dateModified\":\"2026-02-06T09:03:15+00:00\",\"breadcrumb\":{\"@id\":\"https:\/\/cabulleauvillage.com\/index.php\/lolo-bret\/#breadcrumb\"},\"inLanguage\":\"fr-FR\",\"potentialAction\":[{\"@type\":\"ReadAction\",\"target\":[\"https:\/\/cabulleauvillage.com\/index.php\/lolo-bret\/\"]}]},{\"@type\":\"ImageObject\",\"inLanguage\":\"fr-FR\",\"@id\":\"https:\/\/cabulleauvillage.com\/index.php\/lolo-bret\/#primaryimage\",\"url\":\"https:\/\/cabulleauvillage.com\/wp-content\/uploads\/2026\/01\/CBV2025-35-scaled.jpg\",\"contentUrl\":\"https:\/\/cabulleauvillage.com\/wp-content\/uploads\/2026\/01\/CBV2025-35-scaled.jpg\",\"width\":2560,\"height\":1707,\"caption\":\"Lolo BRET\"},{\"@type\":\"BreadcrumbList\",\"@id\":\"https:\/\/cabulleauvillage.com\/index.php\/lolo-bret\/#breadcrumb\",\"itemListElement\":[{\"@type\":\"ListItem\",\"position\":1,\"name\":\"Home\",\"item\":\"https:\/\/cabulleauvillage.com\/\"},{\"@type\":\"ListItem\",\"position\":2,\"name\":\"Lolo BRET\"}]},{\"@type\":\"WebSite\",\"@id\":\"https:\/\/cabulleauvillage.com\/#website\",\"url\":\"https:\/\/cabulleauvillage.com\/\",\"name\":\"CA BULLE AU VILLAGE\",\"description\":\"Festival de BD \u00e0 Saint Etienne de Crossey\",\"publisher\":{\"@id\":\"https:\/\/cabulleauvillage.com\/#organization\"},\"potentialAction\":[{\"@type\":\"SearchAction\",\"target\":{\"@type\":\"EntryPoint\",\"urlTemplate\":\"https:\/\/cabulleauvillage.com\/?s={search_term_string}\"},\"query-input\":{\"@type\":\"PropertyValueSpecification\",\"valueRequired\":true,\"valueName\":\"search_term_string\"}}],\"inLanguage\":\"fr-FR\"},{\"@type\":\"Organization\",\"@id\":\"https:\/\/cabulleauvillage.com\/#organization\",\"name\":\"CA BULLE AU VILLAGE ! Saint Etienne de Crossey\",\"url\":\"https:\/\/cabulleauvillage.com\/\",\"logo\":{\"@type\":\"ImageObject\",\"inLanguage\":\"fr-FR\",\"@id\":\"https:\/\/cabulleauvillage.com\/#\/schema\/logo\/image\/\",\"url\":\"https:\/\/cabulleauvillage.com\/wp-content\/uploads\/2024\/06\/cropped-cropped-Fichier-2@2x-1-1.png\",\"contentUrl\":\"https:\/\/cabulleauvillage.com\/wp-content\/uploads\/2024\/06\/cropped-cropped-Fichier-2@2x-1-1.png\",\"width\":1017,\"height\":1017,\"caption\":\"CA BULLE AU VILLAGE ! Saint Etienne de Crossey\"},\"image\":{\"@id\":\"https:\/\/cabulleauvillage.com\/#\/schema\/logo\/image\/\"},\"sameAs\":[\"https:\/\/www.facebook.com\/bulleauvillage\/\",\"https:\/\/www.instagram.com\/cabulleauvillage\/\"]}]}<\/script>\n<!-- \/ Yoast SEO plugin. -->","yoast_head_json":{"title":"Lolo BRET - CA BULLE AU VILLAGE","robots":{"index":"index","follow":"follow","max-snippet":"max-snippet:-1","max-image-preview":"max-image-preview:large","max-video-preview":"max-video-preview:-1"},"canonical":"https:\/\/cabulleauvillage.com\/index.php\/lolo-bret\/","og_locale":"fr_FR","og_type":"article","og_title":"Lolo BRET - CA BULLE AU VILLAGE","og_description":"Lolo Bret Public : tout public \u2013 bande dessin\u00e9e et illustration Lolo Bret \u0153uvre dans le monde de la bande dessin\u00e9e depuis plus de 40 ans. Rep\u00e9r\u00e9 tr\u00e8s jeune par [&hellip;]","og_url":"https:\/\/cabulleauvillage.com\/index.php\/lolo-bret\/","og_site_name":"CA BULLE AU VILLAGE","article_publisher":"https:\/\/www.facebook.com\/bulleauvillage\/","article_modified_time":"2026-02-06T09:03:15+00:00","og_image":[{"width":2560,"height":1707,"url":"https:\/\/cabulleauvillage.com\/wp-content\/uploads\/2026\/01\/CBV2025-35-scaled.jpg","type":"image\/jpeg"}],"twitter_card":"summary_large_image","twitter_misc":{"Dur\u00e9e de lecture estim\u00e9e":"2 minutes"},"schema":{"@context":"https:\/\/schema.org","@graph":[{"@type":"WebPage","@id":"https:\/\/cabulleauvillage.com\/index.php\/lolo-bret\/","url":"https:\/\/cabulleauvillage.com\/index.php\/lolo-bret\/","name":"Lolo BRET - CA BULLE AU VILLAGE","isPartOf":{"@id":"https:\/\/cabulleauvillage.com\/#website"},"primaryImageOfPage":{"@id":"https:\/\/cabulleauvillage.com\/index.php\/lolo-bret\/#primaryimage"},"image":{"@id":"https:\/\/cabulleauvillage.com\/index.php\/lolo-bret\/#primaryimage"},"thumbnailUrl":"https:\/\/cabulleauvillage.com\/wp-content\/uploads\/2026\/01\/CBV2025-35-1024x683.jpg","datePublished":"2026-02-06T09:00:18+00:00","dateModified":"2026-02-06T09:03:15+00:00","breadcrumb":{"@id":"https:\/\/cabulleauvillage.com\/index.php\/lolo-bret\/#breadcrumb"},"inLanguage":"fr-FR","potentialAction":[{"@type":"ReadAction","target":["https:\/\/cabulleauvillage.com\/index.php\/lolo-bret\/"]}]},{"@type":"ImageObject","inLanguage":"fr-FR","@id":"https:\/\/cabulleauvillage.com\/index.php\/lolo-bret\/#primaryimage","url":"https:\/\/cabulleauvillage.com\/wp-content\/uploads\/2026\/01\/CBV2025-35-scaled.jpg","contentUrl":"https:\/\/cabulleauvillage.com\/wp-content\/uploads\/2026\/01\/CBV2025-35-scaled.jpg","width":2560,"height":1707,"caption":"Lolo BRET"},{"@type":"BreadcrumbList","@id":"https:\/\/cabulleauvillage.com\/index.php\/lolo-bret\/#breadcrumb","itemListElement":[{"@type":"ListItem","position":1,"name":"Home","item":"https:\/\/cabulleauvillage.com\/"},{"@type":"ListItem","position":2,"name":"Lolo BRET"}]},{"@type":"WebSite","@id":"https:\/\/cabulleauvillage.com\/#website","url":"https:\/\/cabulleauvillage.com\/","name":"CA BULLE AU VILLAGE","description":"Festival de BD \u00e0 Saint Etienne de Crossey","publisher":{"@id":"https:\/\/cabulleauvillage.com\/#organization"},"potentialAction":[{"@type":"SearchAction","target":{"@type":"EntryPoint","urlTemplate":"https:\/\/cabulleauvillage.com\/?s={search_term_string}"},"query-input":{"@type":"PropertyValueSpecification","valueRequired":true,"valueName":"search_term_string"}}],"inLanguage":"fr-FR"},{"@type":"Organization","@id":"https:\/\/cabulleauvillage.com\/#organization","name":"CA BULLE AU VILLAGE ! Saint Etienne de Crossey","url":"https:\/\/cabulleauvillage.com\/","logo":{"@type":"ImageObject","inLanguage":"fr-FR","@id":"https:\/\/cabulleauvillage.com\/#\/schema\/logo\/image\/","url":"https:\/\/cabulleauvillage.com\/wp-content\/uploads\/2024\/06\/cropped-cropped-Fichier-2@2x-1-1.png","contentUrl":"https:\/\/cabulleauvillage.com\/wp-content\/uploads\/2024\/06\/cropped-cropped-Fichier-2@2x-1-1.png","width":1017,"height":1017,"caption":"CA BULLE AU VILLAGE ! Saint Etienne de Crossey"},"image":{"@id":"https:\/\/cabulleauvillage.com\/#\/schema\/logo\/image\/"},"sameAs":["https:\/\/www.facebook.com\/bulleauvillage\/","https:\/\/www.instagram.com\/cabulleauvillage\/"]}]}},"_links":{"self":[{"href":"https:\/\/cabulleauvillage.com\/index.php\/wp-json\/wp\/v2\/pages\/731","targetHints":{"allow":["GET"]}}],"collection":[{"href":"https:\/\/cabulleauvillage.com\/index.php\/wp-json\/wp\/v2\/pages"}],"about":[{"href":"https:\/\/cabulleauvillage.com\/index.php\/wp-json\/wp\/v2\/types\/page"}],"author":[{"embeddable":true,"href":"https:\/\/cabulleauvillage.com\/index.php\/wp-json\/wp\/v2\/users\/1"}],"replies":[{"embeddable":true,"href":"https:\/\/cabulleauvillage.com\/index.php\/wp-json\/wp\/v2\/comments?post=731"}],"version-history":[{"count":2,"href":"https:\/\/cabulleauvillage.com\/index.php\/wp-json\/wp\/v2\/pages\/731\/revisions"}],"predecessor-version":[{"id":737,"href":"https:\/\/cabulleauvillage.com\/index.php\/wp-json\/wp\/v2\/pages\/731\/revisions\/737"}],"wp:attachment":[{"href":"https:\/\/cabulleauvillage.com\/index.php\/wp-json\/wp\/v2\/media?parent=731"}],"curies":[{"name":"wp","href":"https:\/\/api.w.org\/{rel}","templated":true}]}}